{"id":39,"date":"2020-06-11T21:01:10","date_gmt":"2020-06-11T21:01:10","guid":{"rendered":"http:\/\/revped.ise.ro\/?page_id=39"},"modified":"2021-07-12T09:50:39","modified_gmt":"2021-07-12T09:50:39","slug":"echipa-editoriala","status":"publish","type":"page","link":"https:\/\/revped.ise.ro\/en\/echipa-editoriala\/","title":{"rendered":"Editorial Team"},"content":{"rendered":"\n<p><strong><strong>Board of Directors:<\/strong><\/strong><\/p>\n\n\n\n<ul class=\"wp-block-list\"><li>Cercet. \u0218t. Dr.&nbsp;<a href=\"https:\/\/web.archive.org\/web\/20190506125438\/http:\/\/www.ise.ro\/mihai-jigau\">Mihai JIG\u0102U<\/a>, Institutul de \u0218tiin\u021be ale Educa\u021biei, Rom\u00e2nia<\/li><li>Prof. Univ. Emerit Dr. Viorel NICOLESCU, Universitatea din Bucure\u0219ti, Rom\u00e2nia<\/li><li>Prof. Univ. Dr. Constantin CUCO\u0218, Universitatea \u201eAlexandru Ioan Cuza\u201d din Ia\u0219i, Rom\u00e2nia<\/li><\/ul>\n\n\n\n<p><strong><strong>Editorial Board:<\/strong><\/strong><\/p>\n\n\n\n<ul class=\"wp-block-list\"><li>Cercet. \u0218t. Dr.\u00a0<a href=\"https:\/\/web.archive.org\/web\/20190506125438\/http:\/\/www.ise.ro\/dr-apostu-otilia\">Otilia APOSTU<\/a>, Institutul de \u0218tiin\u021be ale Educa\u021biei, Rom\u00e2nia<\/li><li>Acad. Alexandru BOBOC, Academia Rom\u00e2n\u0103<\/li><li>Cercet. \u0218t. Dr.\u00a0<a href=\"https:\/\/web.archive.org\/web\/20190506125438\/http:\/\/www.ise.ro\/laura-elena-capita\">Laura C\u0102PI\u0162\u0102<\/a>, Institutul de \u0218tiin\u021be ale Educa\u021biei, Rom\u00e2nia<\/li><li>Prof. Univ. Dr. Carmen CRE\u0162U, Universitatea \u201eAlexandru Ioan Cuza\u201d din Ia\u0219i, Rom\u00e2nia<\/li><li>Lector Univ. \u00a0Dr. Alina Narcisa CRI\u0218AN, Universitatea Tehnic\u0103 din Cluj-Napoca, Rom\u00e2nia<\/li><li>Conf. Univ. Dr. Roxana ENACHE, Vicepre\u0219edinte, Asocia\u021bia \u201eAcademia Pedagogilor\u201d, Rom\u00e2nia<\/li><li>Prof. Univ. Dr. Irfan ERDOGAN, Universitatea din Istanbul, Turcia<\/li><li>Prof. Univ. Dr. Natasha Angelska GALEVSKA, Universitatea \u201eChiril \u0219i Metodiu\u201d din Skopje, Macedonia<\/li><li>Prof. Univ. Dr. Dimitrios B. GOUDIRAS, Universitatea \u201eMacedonia\u201d, Salonic, Grecia<\/li><li>Cercet. \u0218t. Atwell GRAHAM, Universitatea din Wales, Marea Britanie<\/li><li>Cercet. \u0218t. Dr.\u00a0<a href=\"https:\/\/web.archive.org\/web\/20190506125438\/http:\/\/www.ise.ro\/dr-irina-horga\">Irina HORGA<\/a>, Institutul de \u0218tiin\u021be ale Educa\u021biei, Rom\u00e2nia<\/li><li>Prof. Univ. Dr. Violeta MIRCHEVA, Institutul Na\u021bional de Educa\u021bie, Bulgaria<\/li><li>Prof. Univ. Dr. Ioan NEAC\u015eU, Universitatea din Bucure\u0219ti, Rom\u00e2nia<\/li><li>Prof. Univ. Dr. Rodica NICULESCU, Universitatea \u201eTransilvania\u201d din Bra\u0219ov, Rom\u00e2nia<\/li><li>Prof. Univ. Dr. Aleksandra PEJATOVIC, Universitatea din Belgrad, Serbia<\/li><li>Prof. Univ. Dr. Rossitsa PENKOVA, Universitatea \u201eK. Ohridski\u201d din Sofia, Bulgaria<\/li><li>Lector Univ. Dr. Ana-Maria Aurelia PETRESCU, Universitatea \u201eValahia\u201d din T\u00e2rgovi\u0219te, Rom\u00e2nia<\/li><li>Prof. Univ. Dr. Dan POTOLEA, Universitatea din Bucure\u0219ti, Rom\u00e2nia<\/li><li>Prof. Univ. Dr. Athina SIPITANOU, Universitatea \u201eMacedonia\u201d, Salonic, Grecia<\/li><li>Prof. Univ. Dr. Emil STAN, Universitatea Petrol \u0219i Gaze din Ploie\u0219ti, Rom\u00e2nia<\/li><li>Acad. Alexandru SURDU, Academia Rom\u00e2n\u0103<\/li><li>Prof. Univ. Dr. Nikos TERZIS, Universitatea \u201eAristotel\u201d, Salonic, Grecia<\/li><li>Cercet. \u0218t. Dr.\u00a0<a href=\"https:\/\/web.archive.org\/web\/20190506125438\/http:\/\/www.ise.ro\/dr-simona-velea\">Simona VELEA<\/a>, Institutul de \u0218tiin\u021be ale Educa\u021biei, Rom\u00e2nia<\/li><li>Prof. Univ. Dr. Pavel ZGAGA, Universitatea din Ljubljana, Slovenia<\/li><\/ul>\n\n\n\n<p><strong>Redactor:<\/strong><\/p>\n\n\n\n<ul class=\"wp-block-list\"><li>Miruna Miulescu<\/li><\/ul>\n\n\n\n<p><strong><strong>Graphic designer and DTP<\/strong><\/strong>:<\/p>\n\n\n\n<ul class=\"wp-block-list\"><li>Vlad&nbsp;PASCU<\/li><\/ul>\n","protected":false},"excerpt":{"rendered":"<p>Board of Directors: Cercet. \u0218t. Dr.&nbsp;Mihai JIG\u0102U, Institutul de \u0218tiin\u021be ale Educa\u021biei, Rom\u00e2nia Prof. Univ. Emerit Dr. Viorel NICOLESCU, Universitatea din Bucure\u0219ti, Rom\u00e2nia Prof. Univ. Dr. Constantin CUCO\u0218, Universitatea \u201eAlexandru Ioan Cuza\u201d din Ia\u0219i, Rom\u00e2nia Editorial Board: Cercet. \u0218t. Dr.\u00a0Otilia APOSTU, Institutul de \u0218tiin\u021be ale Educa\u021biei, Rom\u00e2nia Acad. Alexandru BOBOC, Academia Rom\u00e2n\u0103 Cercet. \u0218t. Dr.\u00a0Laura &hellip; <a href=\"https:\/\/revped.ise.ro\/en\/echipa-editoriala\/\" class=\"more-link\">Continue reading <span class=\"screen-reader-text\">Editorial Team<\/span> <span class=\"meta-nav\">&rarr;<\/span><\/a><\/p>\n","protected":false},"author":1,"featured_media":0,"parent":0,"menu_order":0,"comment_status":"closed","ping_status":"closed","template":"","meta":{"_monsterinsights_skip_tracking":false,"_monsterinsights_sitenote_active":false,"_monsterinsights_sitenote_note":"","_monsterinsights_sitenote_category":0,"footnotes":""},"class_list":["post-39","page","type-page","status-publish","hentry"],"aioseo_notices":[],"_links":{"self":[{"href":"https:\/\/revped.ise.ro\/en\/wp-json\/wp\/v2\/pages\/39","targetHints":{"allow":["GET"]}}],"collection":[{"href":"https:\/\/revped.ise.ro\/en\/wp-json\/wp\/v2\/pages"}],"about":[{"href":"https:\/\/revped.ise.ro\/en\/wp-json\/wp\/v2\/types\/page"}],"author":[{"embeddable":true,"href":"https:\/\/revped.ise.ro\/en\/wp-json\/wp\/v2\/users\/1"}],"replies":[{"embeddable":true,"href":"https:\/\/revped.ise.ro\/en\/wp-json\/wp\/v2\/comments?post=39"}],"version-history":[{"count":5,"href":"https:\/\/revped.ise.ro\/en\/wp-json\/wp\/v2\/pages\/39\/revisions"}],"predecessor-version":[{"id":559,"href":"https:\/\/revped.ise.ro\/en\/wp-json\/wp\/v2\/pages\/39\/revisions\/559"}],"wp:attachment":[{"href":"https:\/\/revped.ise.ro\/en\/wp-json\/wp\/v2\/media?parent=39"}],"curies":[{"name":"wp","href":"https:\/\/api.w.org\/{rel}","templated":true}]}}